{"id":5581,"date":"2022-11-24T14:22:03","date_gmt":"2022-11-24T14:22:03","guid":{"rendered":"https:\/\/camarimdascores.com.br\/?post_type=product&#038;p=5581"},"modified":"2023-03-29T18:49:02","modified_gmt":"2023-03-29T18:49:02","slug":"tintura-semi-permanente-misscolorful","status":"publish","type":"product","link":"https:\/\/camarimdascores.com.br\/index.php\/product\/tintura-semi-permanente-misscolorful\/","title":{"rendered":"Tinta MissColorful"},"content":{"rendered":"<p>Colora\u00e7\u00e3o com textura gel\/creme para cabelos coloridos. A mais nova queridinha do momento. Tem uma excelente durabilidade e \u00e9 extremamente pigmentada. Pode ser dilu\u00edda em creme ou em \u00e1gua!!<\/p>\n","protected":false},"excerpt":{"rendered":"<p>Colora\u00e7\u00e3o com textura gel\/creme para cabelos coloridos. A mais nova queridinha do momento. Tem uma excelente durabilidade e \u00e9 extremamente pigmentada. Pode ser dilu\u00edda em creme ou em \u00e1gua!!<\/p>\n","protected":false},"featured_media":6056,"comment_status":"open","ping_status":"closed","template":"","meta":{"_mi_skip_tracking":false,"site-sidebar-layout":"default","site-content-layout":"default","ast-global-header-display":"","ast-main-header-display":"","ast-hfb-above-header-display":"","ast-hfb-below-header-display":"","ast-hfb-mobile-header-display":"","site-post-title":"","ast-breadcrumbs-content":"","ast-featured-img":"","footer-sml-layout":"","theme-transparent-header-meta":"default","adv-header-id-meta":"","stick-header-meta":"","header-above-stick-meta":"","header-main-stick-meta":"","header-below-stick-meta":""},"product_cat":[18,24],"product_tag":[55,54,53],"class_list":["post-5581","product","type-product","status-publish","has-post-thumbnail","hentry","product_cat-facil-de-aplicar","product_cat-produtos-de-beleza","product_tag-cabelo-colorido","product_tag-colorido","product_tag-tinta","desktop-align-left","tablet-align-left","mobile-align-left"],"aioseo_notices":[],"_links":{"self":[{"href":"https:\/\/camarimdascores.com.br\/index.php\/wp-json\/wp\/v2\/product\/5581","targetHints":{"allow":["GET"]}}],"collection":[{"href":"https:\/\/camarimdascores.com.br\/index.php\/wp-json\/wp\/v2\/product"}],"about":[{"href":"https:\/\/camarimdascores.com.br\/index.php\/wp-json\/wp\/v2\/types\/product"}],"replies":[{"embeddable":true,"href":"https:\/\/camarimdascores.com.br\/index.php\/wp-json\/wp\/v2\/comments?post=5581"}],"wp:featuredmedia":[{"embeddable":true,"href":"https:\/\/camarimdascores.com.br\/index.php\/wp-json\/wp\/v2\/media\/6056"}],"wp:attachment":[{"href":"https:\/\/camarimdascores.com.br\/index.php\/wp-json\/wp\/v2\/media?parent=5581"}],"wp:term":[{"taxonomy":"product_cat","embeddable":true,"href":"https:\/\/camarimdascores.com.br\/index.php\/wp-json\/wp\/v2\/product_cat?post=5581"},{"taxonomy":"product_tag","embeddable":true,"href":"https:\/\/camarimdascores.com.br\/index.php\/wp-json\/wp\/v2\/product_tag?post=5581"}],"curies":[{"name":"wp","href":"https:\/\/api.w.org\/{rel}","templated":true}]}}