{"id":5587,"date":"2022-11-24T12:59:07","date_gmt":"2022-11-24T12:59:07","guid":{"rendered":"https:\/\/camarimdascores.com.br\/?post_type=product&#038;p=5587"},"modified":"2023-01-24T19:39:55","modified_gmt":"2023-01-24T19:39:55","slug":"mascara-de-tratamento-banho-de-ouro","status":"publish","type":"product","link":"https:\/\/camarimdascores.com.br\/index.php\/product\/mascara-de-tratamento-banho-de-ouro\/","title":{"rendered":"M\u00e1scara de tratamento banho de ouro"},"content":{"rendered":"<p>M\u00e1scara de tratamento etapa nutri\u00e7\u00e3o. Para te ajudar a manter os cabelos bonitos, como saiu do sal\u00e3o.<\/p>\n","protected":false},"excerpt":{"rendered":"<p>M\u00e1scara de tratamento etapa nutri\u00e7\u00e3o. Para te ajudar a manter os cabelos bonitos, como saiu do sal\u00e3o.<\/p>\n","protected":false},"featured_media":5913,"comment_status":"open","ping_status":"closed","template":"","meta":{"_mi_skip_tracking":false,"site-sidebar-layout":"default","site-content-layout":"default","ast-global-header-display":"","ast-main-header-display":"","ast-hfb-above-header-display":"","ast-hfb-below-header-display":"","ast-hfb-mobile-header-display":"","site-post-title":"","ast-breadcrumbs-content":"","ast-featured-img":"","footer-sml-layout":"","theme-transparent-header-meta":"default","adv-header-id-meta":"","stick-header-meta":"","header-above-stick-meta":"","header-main-stick-meta":"","header-below-stick-meta":""},"product_cat":[24],"product_tag":[],"class_list":["post-5587","product","type-product","status-publish","has-post-thumbnail","hentry","product_cat-produtos-de-beleza","desktop-align-left","tablet-align-left","mobile-align-left"],"aioseo_notices":[],"_links":{"self":[{"href":"https:\/\/camarimdascores.com.br\/index.php\/wp-json\/wp\/v2\/product\/5587","targetHints":{"allow":["GET"]}}],"collection":[{"href":"https:\/\/camarimdascores.com.br\/index.php\/wp-json\/wp\/v2\/product"}],"about":[{"href":"https:\/\/camarimdascores.com.br\/index.php\/wp-json\/wp\/v2\/types\/product"}],"replies":[{"embeddable":true,"href":"https:\/\/camarimdascores.com.br\/index.php\/wp-json\/wp\/v2\/comments?post=5587"}],"wp:featuredmedia":[{"embeddable":true,"href":"https:\/\/camarimdascores.com.br\/index.php\/wp-json\/wp\/v2\/media\/5913"}],"wp:attachment":[{"href":"https:\/\/camarimdascores.com.br\/index.php\/wp-json\/wp\/v2\/media?parent=5587"}],"wp:term":[{"taxonomy":"product_cat","embeddable":true,"href":"https:\/\/camarimdascores.com.br\/index.php\/wp-json\/wp\/v2\/product_cat?post=5587"},{"taxonomy":"product_tag","embeddable":true,"href":"https:\/\/camarimdascores.com.br\/index.php\/wp-json\/wp\/v2\/product_tag?post=5587"}],"curies":[{"name":"wp","href":"https:\/\/api.w.org\/{rel}","templated":true}]}}