{"id":5589,"date":"2022-11-24T13:02:58","date_gmt":"2022-11-24T13:02:58","guid":{"rendered":"https:\/\/camarimdascores.com.br\/?post_type=product&#038;p=5589"},"modified":"2022-11-24T13:02:58","modified_gmt":"2022-11-24T13:02:58","slug":"manteiga-de-karite","status":"publish","type":"product","link":"https:\/\/camarimdascores.com.br\/index.php\/product\/manteiga-de-karite\/","title":{"rendered":"Manteiga de karit\u00e9"},"content":{"rendered":"<p>Manteiga de karit\u00e9 pura, ideal para pr\u00e9-poo, para nutri\u00e7\u00e3o noturna. \u00f3timo para variar com o \u00f3leo de coco. D\u00e1 brilho, maciez, rep\u00f5e prote\u00ednas e n\u00e3o endurece o fio.<\/p>\n<p>Deve-se aquecer sem ferver, para uso.<\/p>\n","protected":false},"excerpt":{"rendered":"<p>Manteiga de karit\u00e9 pura, ideal para pr\u00e9-poo, para nutri\u00e7\u00e3o noturna. \u00f3timo para variar com o \u00f3leo de coco. D\u00e1 brilho, maciez, rep\u00f5e prote\u00ednas e n\u00e3o endurece o fio. Deve-se aquecer sem ferver, para uso.<\/p>\n","protected":false},"featured_media":5590,"comment_status":"open","ping_status":"closed","template":"","meta":{"_mi_skip_tracking":false,"site-sidebar-layout":"default","site-content-layout":"default","ast-global-header-display":"","ast-main-header-display":"","ast-hfb-above-header-display":"","ast-hfb-below-header-display":"","ast-hfb-mobile-header-display":"","site-post-title":"","ast-breadcrumbs-content":"","ast-featured-img":"","footer-sml-layout":"","theme-transparent-header-meta":"default","adv-header-id-meta":"","stick-header-meta":"","header-above-stick-meta":"","header-main-stick-meta":"","header-below-stick-meta":""},"product_cat":[15],"product_tag":[],"class_list":["post-5589","product","type-product","status-publish","has-post-thumbnail","hentry","product_cat-uncategorized","desktop-align-left","tablet-align-left","mobile-align-left"],"aioseo_notices":[],"_links":{"self":[{"href":"https:\/\/camarimdascores.com.br\/index.php\/wp-json\/wp\/v2\/product\/5589","targetHints":{"allow":["GET"]}}],"collection":[{"href":"https:\/\/camarimdascores.com.br\/index.php\/wp-json\/wp\/v2\/product"}],"about":[{"href":"https:\/\/camarimdascores.com.br\/index.php\/wp-json\/wp\/v2\/types\/product"}],"replies":[{"embeddable":true,"href":"https:\/\/camarimdascores.com.br\/index.php\/wp-json\/wp\/v2\/comments?post=5589"}],"wp:featuredmedia":[{"embeddable":true,"href":"https:\/\/camarimdascores.com.br\/index.php\/wp-json\/wp\/v2\/media\/5590"}],"wp:attachment":[{"href":"https:\/\/camarimdascores.com.br\/index.php\/wp-json\/wp\/v2\/media?parent=5589"}],"wp:term":[{"taxonomy":"product_cat","embeddable":true,"href":"https:\/\/camarimdascores.com.br\/index.php\/wp-json\/wp\/v2\/product_cat?post=5589"},{"taxonomy":"product_tag","embeddable":true,"href":"https:\/\/camarimdascores.com.br\/index.php\/wp-json\/wp\/v2\/product_tag?post=5589"}],"curies":[{"name":"wp","href":"https:\/\/api.w.org\/{rel}","templated":true}]}}