{"id":5591,"date":"2022-11-24T13:04:17","date_gmt":"2022-11-24T13:04:17","guid":{"rendered":"https:\/\/camarimdascores.com.br\/?post_type=product&#038;p=5591"},"modified":"2022-11-24T13:04:31","modified_gmt":"2022-11-24T13:04:31","slug":"manteiga-de-abacate","status":"publish","type":"product","link":"https:\/\/camarimdascores.com.br\/index.php\/product\/manteiga-de-abacate\/","title":{"rendered":"Manteiga de abacate"},"content":{"rendered":"<p>Perfeito para a defini\u00e7\u00e3o de cachos. Reposi\u00e7\u00e3o h\u00eddrica e lip\u00eddeos. Pode usar junto a m\u00e1scara de tratamento, como pr\u00e9-poo e hidrata\u00e7\u00e3o noturna.<\/p>\n<p>deve-se aquecer sem ferver para uso.<\/p>\n","protected":false},"excerpt":{"rendered":"<p>Perfeito para a defini\u00e7\u00e3o de cachos. Reposi\u00e7\u00e3o h\u00eddrica e lip\u00eddeos. Pode usar junto a m\u00e1scara de tratamento, como pr\u00e9-poo e hidrata\u00e7\u00e3o noturna. deve-se aquecer sem ferver para uso.<\/p>\n","protected":false},"featured_media":5590,"comment_status":"open","ping_status":"closed","template":"","meta":{"_mi_skip_tracking":false,"site-sidebar-layout":"default","site-content-layout":"default","ast-global-header-display":"","ast-main-header-display":"","ast-hfb-above-header-display":"","ast-hfb-below-header-display":"","ast-hfb-mobile-header-display":"","site-post-title":"","ast-breadcrumbs-content":"","ast-featured-img":"","footer-sml-layout":"","theme-transparent-header-meta":"default","adv-header-id-meta":"","stick-header-meta":"","header-above-stick-meta":"","header-main-stick-meta":"","header-below-stick-meta":""},"product_cat":[24],"product_tag":[],"class_list":["post-5591","product","type-product","status-publish","has-post-thumbnail","hentry","product_cat-produtos-de-beleza","desktop-align-left","tablet-align-left","mobile-align-left"],"aioseo_notices":[],"_links":{"self":[{"href":"https:\/\/camarimdascores.com.br\/index.php\/wp-json\/wp\/v2\/product\/5591","targetHints":{"allow":["GET"]}}],"collection":[{"href":"https:\/\/camarimdascores.com.br\/index.php\/wp-json\/wp\/v2\/product"}],"about":[{"href":"https:\/\/camarimdascores.com.br\/index.php\/wp-json\/wp\/v2\/types\/product"}],"replies":[{"embeddable":true,"href":"https:\/\/camarimdascores.com.br\/index.php\/wp-json\/wp\/v2\/comments?post=5591"}],"wp:featuredmedia":[{"embeddable":true,"href":"https:\/\/camarimdascores.com.br\/index.php\/wp-json\/wp\/v2\/media\/5590"}],"wp:attachment":[{"href":"https:\/\/camarimdascores.com.br\/index.php\/wp-json\/wp\/v2\/media?parent=5591"}],"wp:term":[{"taxonomy":"product_cat","embeddable":true,"href":"https:\/\/camarimdascores.com.br\/index.php\/wp-json\/wp\/v2\/product_cat?post=5591"},{"taxonomy":"product_tag","embeddable":true,"href":"https:\/\/camarimdascores.com.br\/index.php\/wp-json\/wp\/v2\/product_tag?post=5591"}],"curies":[{"name":"wp","href":"https:\/\/api.w.org\/{rel}","templated":true}]}}