{"id":5599,"date":"2022-11-24T13:14:12","date_gmt":"2022-11-24T13:14:12","guid":{"rendered":"https:\/\/camarimdascores.com.br\/?post_type=product&#038;p=5599"},"modified":"2022-11-24T13:14:22","modified_gmt":"2022-11-24T13:14:22","slug":"caneca-personalizada","status":"publish","type":"product","link":"https:\/\/camarimdascores.com.br\/index.php\/product\/caneca-personalizada\/","title":{"rendered":"Caneca personalizada"},"content":{"rendered":"<p>Personalize sua caneca ou d\u00ea de presente algo \u00fanico. fazemos com fotos e frases preferidas!! Mande sua ideia no whatsapp. Feito sob encomenda. pode levar at\u00e9 10 dias para ficar pronto<\/p>\n","protected":false},"excerpt":{"rendered":"<p>Personalize sua caneca ou d\u00ea de presente algo \u00fanico. fazemos com fotos e frases preferidas!! Mande sua ideia no whatsapp. Feito sob encomenda. pode levar at\u00e9 10 dias para ficar pronto<\/p>\n","protected":false},"featured_media":5600,"comment_status":"open","ping_status":"closed","template":"","meta":{"_mi_skip_tracking":false,"site-sidebar-layout":"default","site-content-layout":"default","ast-global-header-display":"","ast-main-header-display":"","ast-hfb-above-header-display":"","ast-hfb-below-header-display":"","ast-hfb-mobile-header-display":"","site-post-title":"","ast-breadcrumbs-content":"","ast-featured-img":"","footer-sml-layout":"","theme-transparent-header-meta":"default","adv-header-id-meta":"","stick-header-meta":"","header-above-stick-meta":"","header-main-stick-meta":"","header-below-stick-meta":""},"product_cat":[25],"product_tag":[],"class_list":["post-5599","product","type-product","status-publish","has-post-thumbnail","hentry","product_cat-estamparia","desktop-align-left","tablet-align-left","mobile-align-left"],"aioseo_notices":[],"_links":{"self":[{"href":"https:\/\/camarimdascores.com.br\/index.php\/wp-json\/wp\/v2\/product\/5599","targetHints":{"allow":["GET"]}}],"collection":[{"href":"https:\/\/camarimdascores.com.br\/index.php\/wp-json\/wp\/v2\/product"}],"about":[{"href":"https:\/\/camarimdascores.com.br\/index.php\/wp-json\/wp\/v2\/types\/product"}],"replies":[{"embeddable":true,"href":"https:\/\/camarimdascores.com.br\/index.php\/wp-json\/wp\/v2\/comments?post=5599"}],"wp:featuredmedia":[{"embeddable":true,"href":"https:\/\/camarimdascores.com.br\/index.php\/wp-json\/wp\/v2\/media\/5600"}],"wp:attachment":[{"href":"https:\/\/camarimdascores.com.br\/index.php\/wp-json\/wp\/v2\/media?parent=5599"}],"wp:term":[{"taxonomy":"product_cat","embeddable":true,"href":"https:\/\/camarimdascores.com.br\/index.php\/wp-json\/wp\/v2\/product_cat?post=5599"},{"taxonomy":"product_tag","embeddable":true,"href":"https:\/\/camarimdascores.com.br\/index.php\/wp-json\/wp\/v2\/product_tag?post=5599"}],"curies":[{"name":"wp","href":"https:\/\/api.w.org\/{rel}","templated":true}]}}