{"id":5601,"date":"2022-11-24T13:15:55","date_gmt":"2022-11-24T13:15:55","guid":{"rendered":"https:\/\/camarimdascores.com.br\/?post_type=product&#038;p=5601"},"modified":"2022-11-24T13:15:56","modified_gmt":"2022-11-24T13:15:56","slug":"quadro-mdf-personalizado","status":"publish","type":"product","link":"https:\/\/camarimdascores.com.br\/index.php\/product\/quadro-mdf-personalizado\/","title":{"rendered":"Quadro mdf personalizado"},"content":{"rendered":"<p>quadros em mdf personaliz\u00e1vel. tamanho A4 e mosaicos. que \u00e9 uma foto dividida em v\u00e1rios quadros. Venha eternizar aquele momento, na sua parede!! Produto feito sob encomenda. Pode levar at\u00e9 10 dias para a produ\u00e7\u00e3o.<\/p>\n","protected":false},"excerpt":{"rendered":"<p>quadros em mdf personaliz\u00e1vel. tamanho A4 e mosaicos. que \u00e9 uma foto dividida em v\u00e1rios quadros. Venha eternizar aquele momento, na sua parede!! Produto feito sob encomenda. Pode levar at\u00e9 10 dias para a produ\u00e7\u00e3o.<\/p>\n","protected":false},"featured_media":5602,"comment_status":"open","ping_status":"closed","template":"","meta":{"_mi_skip_tracking":false,"site-sidebar-layout":"default","site-content-layout":"default","ast-global-header-display":"","ast-main-header-display":"","ast-hfb-above-header-display":"","ast-hfb-below-header-display":"","ast-hfb-mobile-header-display":"","site-post-title":"","ast-breadcrumbs-content":"","ast-featured-img":"","footer-sml-layout":"","theme-transparent-header-meta":"default","adv-header-id-meta":"","stick-header-meta":"","header-above-stick-meta":"","header-main-stick-meta":"","header-below-stick-meta":""},"product_cat":[25],"product_tag":[],"class_list":["post-5601","product","type-product","status-publish","has-post-thumbnail","hentry","product_cat-estamparia","desktop-align-left","tablet-align-left","mobile-align-left"],"aioseo_notices":[],"_links":{"self":[{"href":"https:\/\/camarimdascores.com.br\/index.php\/wp-json\/wp\/v2\/product\/5601","targetHints":{"allow":["GET"]}}],"collection":[{"href":"https:\/\/camarimdascores.com.br\/index.php\/wp-json\/wp\/v2\/product"}],"about":[{"href":"https:\/\/camarimdascores.com.br\/index.php\/wp-json\/wp\/v2\/types\/product"}],"replies":[{"embeddable":true,"href":"https:\/\/camarimdascores.com.br\/index.php\/wp-json\/wp\/v2\/comments?post=5601"}],"wp:featuredmedia":[{"embeddable":true,"href":"https:\/\/camarimdascores.com.br\/index.php\/wp-json\/wp\/v2\/media\/5602"}],"wp:attachment":[{"href":"https:\/\/camarimdascores.com.br\/index.php\/wp-json\/wp\/v2\/media?parent=5601"}],"wp:term":[{"taxonomy":"product_cat","embeddable":true,"href":"https:\/\/camarimdascores.com.br\/index.php\/wp-json\/wp\/v2\/product_cat?post=5601"},{"taxonomy":"product_tag","embeddable":true,"href":"https:\/\/camarimdascores.com.br\/index.php\/wp-json\/wp\/v2\/product_tag?post=5601"}],"curies":[{"name":"wp","href":"https:\/\/api.w.org\/{rel}","templated":true}]}}