{"id":5605,"date":"2022-11-24T13:20:47","date_gmt":"2022-11-24T13:20:47","guid":{"rendered":"https:\/\/camarimdascores.com.br\/?post_type=product&#038;p=5605"},"modified":"2022-11-24T13:20:48","modified_gmt":"2022-11-24T13:20:48","slug":"velas-aromaticas-artesanais","status":"publish","type":"product","link":"https:\/\/camarimdascores.com.br\/index.php\/product\/velas-aromaticas-artesanais\/","title":{"rendered":"Velas arom\u00e1ticas artesanais"},"content":{"rendered":"<p>velas com aromas para deixar seu ambiente agrad\u00e1vel e acolhedor. decora\u00e7\u00e3o perfeita.<\/p>\n<p>Tem aroma de ma\u00e7\u00e3 com canela, lim\u00e3o siciliano, lavanda inglesa, melancia, vanilla daslu.<\/p>\n","protected":false},"excerpt":{"rendered":"<p>velas com aromas para deixar seu ambiente agrad\u00e1vel e acolhedor. decora\u00e7\u00e3o perfeita. Tem aroma de ma\u00e7\u00e3 com canela, lim\u00e3o siciliano, lavanda inglesa, melancia, vanilla daslu.<\/p>\n","protected":false},"featured_media":5606,"comment_status":"open","ping_status":"closed","template":"","meta":{"_mi_skip_tracking":false,"site-sidebar-layout":"default","site-content-layout":"default","ast-global-header-display":"","ast-main-header-display":"","ast-hfb-above-header-display":"","ast-hfb-below-header-display":"","ast-hfb-mobile-header-display":"","site-post-title":"","ast-breadcrumbs-content":"","ast-featured-img":"","footer-sml-layout":"","theme-transparent-header-meta":"default","adv-header-id-meta":"","stick-header-meta":"","header-above-stick-meta":"","header-main-stick-meta":"","header-below-stick-meta":""},"product_cat":[26],"product_tag":[],"class_list":["post-5605","product","type-product","status-publish","has-post-thumbnail","hentry","product_cat-outros","desktop-align-left","tablet-align-left","mobile-align-left"],"aioseo_notices":[],"_links":{"self":[{"href":"https:\/\/camarimdascores.com.br\/index.php\/wp-json\/wp\/v2\/product\/5605","targetHints":{"allow":["GET"]}}],"collection":[{"href":"https:\/\/camarimdascores.com.br\/index.php\/wp-json\/wp\/v2\/product"}],"about":[{"href":"https:\/\/camarimdascores.com.br\/index.php\/wp-json\/wp\/v2\/types\/product"}],"replies":[{"embeddable":true,"href":"https:\/\/camarimdascores.com.br\/index.php\/wp-json\/wp\/v2\/comments?post=5605"}],"wp:featuredmedia":[{"embeddable":true,"href":"https:\/\/camarimdascores.com.br\/index.php\/wp-json\/wp\/v2\/media\/5606"}],"wp:attachment":[{"href":"https:\/\/camarimdascores.com.br\/index.php\/wp-json\/wp\/v2\/media?parent=5605"}],"wp:term":[{"taxonomy":"product_cat","embeddable":true,"href":"https:\/\/camarimdascores.com.br\/index.php\/wp-json\/wp\/v2\/product_cat?post=5605"},{"taxonomy":"product_tag","embeddable":true,"href":"https:\/\/camarimdascores.com.br\/index.php\/wp-json\/wp\/v2\/product_tag?post=5605"}],"curies":[{"name":"wp","href":"https:\/\/api.w.org\/{rel}","templated":true}]}}