{"id":5607,"date":"2022-11-24T14:01:01","date_gmt":"2022-11-24T14:01:01","guid":{"rendered":"https:\/\/camarimdascores.com.br\/?post_type=product&#038;p=5607"},"modified":"2022-11-24T14:01:01","modified_gmt":"2022-11-24T14:01:01","slug":"caneca-de-aluminio-600ml","status":"publish","type":"product","link":"https:\/\/camarimdascores.com.br\/index.php\/product\/caneca-de-aluminio-600ml\/","title":{"rendered":"Caneca de aluminio 600ml"},"content":{"rendered":"<p>que tal uma caneca de alum\u00ednio de 600 ml pra encher da sua bebida preferida e ainda com sua foto preferida? Vem com a gente ent\u00e3o.<\/p>\n<p>mande sua foto no whatsapp. Feito sob encomenda, pode levar at\u00e9 10 dias para produ\u00e7\u00e3o.<\/p>\n","protected":false},"excerpt":{"rendered":"<p>que tal uma caneca de alum\u00ednio de 600 ml pra encher da sua bebida preferida e ainda com sua foto preferida? Vem com a gente ent\u00e3o. mande sua foto no whatsapp. Feito sob encomenda, pode levar at\u00e9 10 dias para produ\u00e7\u00e3o.<\/p>\n","protected":false},"featured_media":5608,"comment_status":"open","ping_status":"closed","template":"","meta":{"_mi_skip_tracking":false,"site-sidebar-layout":"default","site-content-layout":"default","ast-global-header-display":"","ast-main-header-display":"","ast-hfb-above-header-display":"","ast-hfb-below-header-display":"","ast-hfb-mobile-header-display":"","site-post-title":"","ast-breadcrumbs-content":"","ast-featured-img":"","footer-sml-layout":"","theme-transparent-header-meta":"default","adv-header-id-meta":"","stick-header-meta":"","header-above-stick-meta":"","header-main-stick-meta":"","header-below-stick-meta":""},"product_cat":[26],"product_tag":[],"class_list":["post-5607","product","type-product","status-publish","has-post-thumbnail","hentry","product_cat-outros","desktop-align-left","tablet-align-left","mobile-align-left"],"aioseo_notices":[],"_links":{"self":[{"href":"https:\/\/camarimdascores.com.br\/index.php\/wp-json\/wp\/v2\/product\/5607","targetHints":{"allow":["GET"]}}],"collection":[{"href":"https:\/\/camarimdascores.com.br\/index.php\/wp-json\/wp\/v2\/product"}],"about":[{"href":"https:\/\/camarimdascores.com.br\/index.php\/wp-json\/wp\/v2\/types\/product"}],"replies":[{"embeddable":true,"href":"https:\/\/camarimdascores.com.br\/index.php\/wp-json\/wp\/v2\/comments?post=5607"}],"wp:featuredmedia":[{"embeddable":true,"href":"https:\/\/camarimdascores.com.br\/index.php\/wp-json\/wp\/v2\/media\/5608"}],"wp:attachment":[{"href":"https:\/\/camarimdascores.com.br\/index.php\/wp-json\/wp\/v2\/media?parent=5607"}],"wp:term":[{"taxonomy":"product_cat","embeddable":true,"href":"https:\/\/camarimdascores.com.br\/index.php\/wp-json\/wp\/v2\/product_cat?post=5607"},{"taxonomy":"product_tag","embeddable":true,"href":"https:\/\/camarimdascores.com.br\/index.php\/wp-json\/wp\/v2\/product_tag?post=5607"}],"curies":[{"name":"wp","href":"https:\/\/api.w.org\/{rel}","templated":true}]}}