{"id":5618,"date":"2022-11-24T14:23:51","date_gmt":"2022-11-24T14:23:51","guid":{"rendered":"https:\/\/camarimdascores.com.br\/?post_type=product&#038;p=5618"},"modified":"2023-02-10T15:31:15","modified_gmt":"2023-02-10T15:31:15","slug":"po-descolorante-master-colors","status":"publish","type":"product","link":"https:\/\/camarimdascores.com.br\/index.php\/product\/po-descolorante-master-colors\/","title":{"rendered":"P\u00f3 descolorante master colors"},"content":{"rendered":"<p>Novo conceito em p\u00f3 descolorante.<\/p>\n<p>Abre at\u00e9 10 tons, de forma ultra r\u00e1pida e segura.<\/p>\n<p>Proporciona cabelos saud\u00e1veis, brilhantes e macios, com fundos de clareamento perfeito para qualquer t\u00e9cnica.<\/p>\n<p>Pode ser usado com qualquer marca de \u00c1GUA OXIGENADA.<\/p>\n<p>Para descolora\u00e7\u00e3o global, \u00e9 menos incomodo e seus \u00f3leos tratam o couro cabeludo durante o clareamento.<\/p>\n<p>O Master colors \u00e9 o que voc\u00ea procura para uma descolora\u00e7\u00e3o segura e perfeita.<\/p>\n<p>Devido a a\u00e7\u00e3o ultra r\u00e1pida e abertura de 10 tons, voc\u00ea consegue ter cabelo loiro clar\u00edssimo mesmo com \u00e1gua oxigenada de baixa volumagem!<\/p>\n<p>&nbsp;<\/p>\n","protected":false},"excerpt":{"rendered":"<p>Novo conceito em p\u00f3 descolorante. Abre at\u00e9 10 tons, de forma ultra r\u00e1pida e segura. Proporciona cabelos saud\u00e1veis, brilhantes e macios, com fundos de clareamento perfeito para qualquer t\u00e9cnica. Pode ser usado com qualquer marca de \u00c1GUA OXIGENADA. Para descolora\u00e7\u00e3o global, \u00e9 menos incomodo e seus \u00f3leos tratam o couro cabeludo durante o clareamento. O &hellip;<\/p>\n<p class=\"read-more\"> <a class=\"\" href=\"https:\/\/camarimdascores.com.br\/index.php\/product\/po-descolorante-master-colors\/\"> <span class=\"screen-reader-text\">P\u00f3 descolorante master colors<\/span> Leia mais &raquo;<\/a><\/p>\n","protected":false},"featured_media":5996,"comment_status":"open","ping_status":"closed","template":"","meta":{"_mi_skip_tracking":false,"site-sidebar-layout":"default","site-content-layout":"default","ast-global-header-display":"","ast-main-header-display":"","ast-hfb-above-header-display":"","ast-hfb-below-header-display":"","ast-hfb-mobile-header-display":"","site-post-title":"","ast-breadcrumbs-content":"","ast-featured-img":"","footer-sml-layout":"","theme-transparent-header-meta":"default","adv-header-id-meta":"","stick-header-meta":"","header-above-stick-meta":"","header-main-stick-meta":"","header-below-stick-meta":""},"product_cat":[24,51],"product_tag":[],"class_list":["post-5618","product","type-product","status-publish","has-post-thumbnail","hentry","product_cat-produtos-de-beleza","product_cat-teste","desktop-align-left","tablet-align-left","mobile-align-left"],"aioseo_notices":[],"_links":{"self":[{"href":"https:\/\/camarimdascores.com.br\/index.php\/wp-json\/wp\/v2\/product\/5618","targetHints":{"allow":["GET"]}}],"collection":[{"href":"https:\/\/camarimdascores.com.br\/index.php\/wp-json\/wp\/v2\/product"}],"about":[{"href":"https:\/\/camarimdascores.com.br\/index.php\/wp-json\/wp\/v2\/types\/product"}],"replies":[{"embeddable":true,"href":"https:\/\/camarimdascores.com.br\/index.php\/wp-json\/wp\/v2\/comments?post=5618"}],"wp:featuredmedia":[{"embeddable":true,"href":"https:\/\/camarimdascores.com.br\/index.php\/wp-json\/wp\/v2\/media\/5996"}],"wp:attachment":[{"href":"https:\/\/camarimdascores.com.br\/index.php\/wp-json\/wp\/v2\/media?parent=5618"}],"wp:term":[{"taxonomy":"product_cat","embeddable":true,"href":"https:\/\/camarimdascores.com.br\/index.php\/wp-json\/wp\/v2\/product_cat?post=5618"},{"taxonomy":"product_tag","embeddable":true,"href":"https:\/\/camarimdascores.com.br\/index.php\/wp-json\/wp\/v2\/product_tag?post=5618"}],"curies":[{"name":"wp","href":"https:\/\/api.w.org\/{rel}","templated":true}]}}